{"id":1908,"date":"2021-06-26T21:54:45","date_gmt":"2021-06-26T20:54:45","guid":{"rendered":"https:\/\/webinaire.peacebuilding.ma\/ar\/?page_id=1908"},"modified":"2021-06-26T22:00:59","modified_gmt":"2021-06-26T21:00:59","slug":"videos","status":"publish","type":"page","link":"https:\/\/webinaire.peacebuilding.ma\/ar\/videos\/","title":{"rendered":"\u0645\u0643\u062a\u0628\u0629 \u0627\u0644\u0641\u064a\u062f\u064a\u0648"},"content":{"rendered":"<div  class=\"one withsmallpadding ppb_header \" style=\"text-align:left;padding:40px 0 40px 0;\" >\n<div class=\"standard_wrapper\">\n<div class=\"page_content_wrapper\">\n<div class=\"inner\">\n<div style=\"width:100%\">\n<h2 class=\"ppb_title\" style=\";text-align:left;\">\u0645\u0643\u062a\u0628\u0629 \u0627\u0644\u0641\u064a\u062f\u064a\u0648<\/h2>\n<\/div>\n<\/div>\n<\/div>\n<\/div>\n<\/div>\n<div class=\"standard_wrapper\">\n<div  class=\"ppb_blog_grid one nopadding\" style=\"videothequevideospadding:40px 0 40px 0;\" >\n<div class=\"page_content_wrapper\">\n<div class=\"inner\">\n<div class=\"inner_wrapper\">\n<div class=\"blog_grid_wrapper sidebar_content full_width ppb_blog_posts\">\n<div id=\"post-2083\" class=\"post type-post hentry status-publish \">\n<div class=\"post_wrapper grid_layout\">\n<div class=\"post_header grid\">\n<div class=\"post_detail single_post\">\n\t\t\t\t    <span class=\"post_info_date\"><br \/>\n\t\t\t\t    \t<a href=\"https:\/\/webinaire.peacebuilding.ma\/ar\/%d8%aa%d8%b1%d9%83%d9%8a%d8%a8-%d9%88-%d8%aa%d9%88%d8%b5%d9%8a%d8%a7%d8%aa-%d9%84%d9%84%d8%aa%d8%b7%d8%a8%d9%8a%d9%82\/\" title=\"\u062a\u0631\u0643\u064a\u0628 \u0648 \u062a\u0648\u0635\u064a\u0627\u062a \u0644\u0644\u062a\u0637\u0628\u064a\u0642\">26 June 2021<\/a><br \/>\n\t\t\t\t    <\/span>\n\t\t\t\t<\/div>\n<h6><a href=\"https:\/\/webinaire.peacebuilding.ma\/ar\/%d8%aa%d8%b1%d9%83%d9%8a%d8%a8-%d9%88-%d8%aa%d9%88%d8%b5%d9%8a%d8%a7%d8%aa-%d9%84%d9%84%d8%aa%d8%b7%d8%a8%d9%8a%d9%82\/\" title=\"\u062a\u0631\u0643\u064a\u0628 \u0648 \u062a\u0648\u0635\u064a\u0627\u062a \u0644\u0644\u062a\u0637\u0628\u064a\u0642\">\u062a\u0631\u0643\u064a\u0628 \u0648 \u062a\u0648\u0635\u064a\u0627\u062a \u0644\u0644\u062a\u0637\u0628\u064a\u0642<\/a><\/h6>\n<\/p><\/div>\n<div class=\"post_img small static\">\n\t\t    \t    \t<a href=\"https:\/\/webinaire.peacebuilding.ma\/ar\/%d8%aa%d8%b1%d9%83%d9%8a%d8%a8-%d9%88-%d8%aa%d9%88%d8%b5%d9%8a%d8%a7%d8%aa-%d9%84%d9%84%d8%aa%d8%b7%d8%a8%d9%8a%d9%82\/\"><br \/>\n\t\t    \t    \t\t<img decoding=\"async\" src=\"https:\/\/webinaire.peacebuilding.ma\/ar\/wp-content\/uploads\/2021\/06\/J-3-Workshop-4-jeunes--960x636.jpg\" alt=\"\u062a\u0631\u0643\u064a\u0628 \u0648 \u062a\u0648\u0635\u064a\u0627\u062a \u0644\u0644\u062a\u0637\u0628\u064a\u0642\" class=\"\"\/><br \/>\n\t\t                <\/a>\n\t\t    \t    <\/div>\n<div class=\"post_header_wrapper\">\n<div class=\"post_button_wrapper\">\n\t\t\t    \t<a class=\"readmore\" href=\"https:\/\/webinaire.peacebuilding.ma\/ar\/%d8%aa%d8%b1%d9%83%d9%8a%d8%a8-%d9%88-%d8%aa%d9%88%d8%b5%d9%8a%d8%a7%d8%aa-%d9%84%d9%84%d8%aa%d8%b7%d8%a8%d9%8a%d9%82\/\">Read More<span class=\"ti-angle-right\"><\/span><\/a>\n\t\t\t\t\t<\/div>\n<\/p><\/div>\n<\/p><\/div>\n<\/p><\/div>\n<div id=\"post-2082\" class=\"post type-post hentry status-publish \">\n<div class=\"post_wrapper grid_layout\">\n<div class=\"post_header grid\">\n<div class=\"post_detail single_post\">\n\t\t\t\t    <span class=\"post_info_date\"><br \/>\n\t\t\t\t    \t<a href=\"https:\/\/webinaire.peacebuilding.ma\/ar\/atelier-avenir-jeunes-consultation-de-jeunes-leaders-sur-la-transmission-de-la-memoire-et-lalterite-quels-moyens-pour-la-jeunesse-de-se-les-approprier\/\" title=\"Atelier Avenir\/Jeunes : Consultation de jeunes leaders sur la transmission de la m\u00e9moire et l\u2019alt\u00e9rit\u00e9 Quels moyens pour la jeunesse de se les approprier ?\">26 June 2021<\/a><br \/>\n\t\t\t\t    <\/span>\n\t\t\t\t<\/div>\n<h6><a href=\"https:\/\/webinaire.peacebuilding.ma\/ar\/atelier-avenir-jeunes-consultation-de-jeunes-leaders-sur-la-transmission-de-la-memoire-et-lalterite-quels-moyens-pour-la-jeunesse-de-se-les-approprier\/\" title=\"Atelier Avenir\/Jeunes : Consultation de jeunes leaders sur la transmission de la m\u00e9moire et l\u2019alt\u00e9rit\u00e9 Quels moyens pour la jeunesse de se les approprier ?\">Atelier Avenir\/Jeunes : Consultation de jeunes leaders sur la transmission de la m\u00e9moire et l\u2019alt\u00e9rit\u00e9 Quels moyens pour la jeunesse de se les approprier ?<\/a><\/h6>\n<\/p><\/div>\n<div class=\"post_img small static\">\n\t\t    \t    \t<a href=\"https:\/\/webinaire.peacebuilding.ma\/ar\/atelier-avenir-jeunes-consultation-de-jeunes-leaders-sur-la-transmission-de-la-memoire-et-lalterite-quels-moyens-pour-la-jeunesse-de-se-les-approprier\/\"><br \/>\n\t\t    \t    \t\t<img decoding=\"async\" src=\"https:\/\/webinaire.peacebuilding.ma\/ar\/wp-includes\/images\/media\/default.png\" alt=\"Atelier Avenir\/Jeunes : Consultation de jeunes leaders sur la transmission de la m\u00e9moire et l\u2019alt\u00e9rit\u00e9 Quels moyens pour la jeunesse de se les approprier ?\" class=\"\"\/><br \/>\n\t\t                <\/a>\n\t\t    \t    <\/div>\n<div class=\"post_header_wrapper\">\n<div class=\"post_button_wrapper\">\n\t\t\t    \t<a class=\"readmore\" href=\"https:\/\/webinaire.peacebuilding.ma\/ar\/atelier-avenir-jeunes-consultation-de-jeunes-leaders-sur-la-transmission-de-la-memoire-et-lalterite-quels-moyens-pour-la-jeunesse-de-se-les-approprier\/\">Read More<span class=\"ti-angle-right\"><\/span><\/a>\n\t\t\t\t\t<\/div>\n<\/p><\/div>\n<\/p><\/div>\n<\/p><\/div>\n<div id=\"post-2081\" class=\"post type-post hentry status-publish last\">\n<div class=\"post_wrapper grid_layout\">\n<div class=\"post_header grid\">\n<div class=\"post_detail single_post\">\n\t\t\t\t    <span class=\"post_info_date\"><br \/>\n\t\t\t\t    \t<a href=\"https:\/\/webinaire.peacebuilding.ma\/ar\/atelier-3-transmission-2eme-partie-comment-la-transmission-dun-patrimoine-spirituel-et-intellectuel-peut-elle-contribuer-a-la-construction-dune-citoyennete-ouverte\/\" title=\"Atelier 3 Transmission (2\u00e8me Partie ) : Comment la transmission d\u2019un patrimoine spirituel et intellectuel peut-elle contribuer \u00e0 la construction d\u2019une citoyennet\u00e9 ouverte ?\">26 June 2021<\/a><br \/>\n\t\t\t\t    <\/span>\n\t\t\t\t<\/div>\n<h6><a href=\"https:\/\/webinaire.peacebuilding.ma\/ar\/atelier-3-transmission-2eme-partie-comment-la-transmission-dun-patrimoine-spirituel-et-intellectuel-peut-elle-contribuer-a-la-construction-dune-citoyennete-ouverte\/\" title=\"Atelier 3 Transmission (2\u00e8me Partie ) : Comment la transmission d\u2019un patrimoine spirituel et intellectuel peut-elle contribuer \u00e0 la construction d\u2019une citoyennet\u00e9 ouverte ?\">Atelier 3 Transmission (2\u00e8me Partie ) : Comment la transmission d\u2019un patrimoine spirituel et intellectuel peut-elle contribuer \u00e0 la construction d\u2019une citoyennet\u00e9 ouverte ?<\/a><\/h6>\n<\/p><\/div>\n<div class=\"post_img small static\">\n\t\t    \t    \t<a href=\"https:\/\/webinaire.peacebuilding.ma\/ar\/atelier-3-transmission-2eme-partie-comment-la-transmission-dun-patrimoine-spirituel-et-intellectuel-peut-elle-contribuer-a-la-construction-dune-citoyennete-ouverte\/\"><br \/>\n\t\t    \t    \t\t<img decoding=\"async\" src=\"https:\/\/webinaire.peacebuilding.ma\/ar\/wp-includes\/images\/media\/default.png\" alt=\"Atelier 3 Transmission (2\u00e8me Partie ) : Comment la transmission d\u2019un patrimoine spirituel et intellectuel peut-elle contribuer \u00e0 la construction d\u2019une citoyennet\u00e9 ouverte ?\" class=\"\"\/><br \/>\n\t\t                <\/a>\n\t\t    \t    <\/div>\n<div class=\"post_header_wrapper\">\n<div class=\"post_button_wrapper\">\n\t\t\t    \t<a class=\"readmore\" href=\"https:\/\/webinaire.peacebuilding.ma\/ar\/atelier-3-transmission-2eme-partie-comment-la-transmission-dun-patrimoine-spirituel-et-intellectuel-peut-elle-contribuer-a-la-construction-dune-citoyennete-ouverte\/\">Read More<span class=\"ti-angle-right\"><\/span><\/a>\n\t\t\t\t\t<\/div>\n<\/p><\/div>\n<\/p><\/div>\n<\/p><\/div>\n<div id=\"post-2080\" class=\"post type-post hentry status-publish \">\n<div class=\"post_wrapper grid_layout\">\n<div class=\"post_header grid\">\n<div class=\"post_detail single_post\">\n\t\t\t\t    <span class=\"post_info_date\"><br \/>\n\t\t\t\t    \t<a href=\"https:\/\/webinaire.peacebuilding.ma\/ar\/atelier-2-transmission-1ere-partie-comment-mobiliser-lhistoire-et-le-patrimoine-dans-les-debats-contemporains-sur-lalterite-notamment-spirituelle\/\" title=\"Atelier 2 Transmission 1\u00e8re Partie : Comment mobiliser l\u2019Histoire et le Patrimoine dans les d\u00e9bats contemporains sur l\u2019Alt\u00e9rit\u00e9, notamment spirituelle ?\">26 June 2021<\/a><br \/>\n\t\t\t\t    <\/span>\n\t\t\t\t<\/div>\n<h6><a href=\"https:\/\/webinaire.peacebuilding.ma\/ar\/atelier-2-transmission-1ere-partie-comment-mobiliser-lhistoire-et-le-patrimoine-dans-les-debats-contemporains-sur-lalterite-notamment-spirituelle\/\" title=\"Atelier 2 Transmission 1\u00e8re Partie : Comment mobiliser l\u2019Histoire et le Patrimoine dans les d\u00e9bats contemporains sur l\u2019Alt\u00e9rit\u00e9, notamment spirituelle ?\">Atelier 2 Transmission 1\u00e8re Partie : Comment mobiliser l\u2019Histoire et le Patrimoine dans les d\u00e9bats contemporains sur l\u2019Alt\u00e9rit\u00e9, notamment spirituelle ?<\/a><\/h6>\n<\/p><\/div>\n<div class=\"post_img small static\">\n\t\t    \t    \t<a href=\"https:\/\/webinaire.peacebuilding.ma\/ar\/atelier-2-transmission-1ere-partie-comment-mobiliser-lhistoire-et-le-patrimoine-dans-les-debats-contemporains-sur-lalterite-notamment-spirituelle\/\"><br \/>\n\t\t    \t    \t\t<img decoding=\"async\" src=\"https:\/\/webinaire.peacebuilding.ma\/ar\/wp-includes\/images\/media\/default.png\" alt=\"Atelier 2 Transmission 1\u00e8re Partie : Comment mobiliser l\u2019Histoire et le Patrimoine dans les d\u00e9bats contemporains sur l\u2019Alt\u00e9rit\u00e9, notamment spirituelle ?\" class=\"\"\/><br \/>\n\t\t                <\/a>\n\t\t    \t    <\/div>\n<div class=\"post_header_wrapper\">\n<div class=\"post_button_wrapper\">\n\t\t\t    \t<a class=\"readmore\" href=\"https:\/\/webinaire.peacebuilding.ma\/ar\/atelier-2-transmission-1ere-partie-comment-mobiliser-lhistoire-et-le-patrimoine-dans-les-debats-contemporains-sur-lalterite-notamment-spirituelle\/\">Read More<span class=\"ti-angle-right\"><\/span><\/a>\n\t\t\t\t\t<\/div>\n<\/p><\/div>\n<\/p><\/div>\n<\/p><\/div>\n<div id=\"post-2079\" class=\"post type-post hentry status-publish \">\n<div class=\"post_wrapper grid_layout\">\n<div class=\"post_header grid\">\n<div class=\"post_detail single_post\">\n\t\t\t\t    <span class=\"post_info_date\"><br \/>\n\t\t\t\t    \t<a href=\"https:\/\/webinaire.peacebuilding.ma\/ar\/atelier-1-memoire-comment-reinventer-des-rencontres-internationales-en-afrique\/\" title=\"Atelier 1 M\u00e9moire : Comment r\u00e9inventer des Rencontres Internationales en Afrique ?\">26 June 2021<\/a><br \/>\n\t\t\t\t    <\/span>\n\t\t\t\t<\/div>\n<h6><a href=\"https:\/\/webinaire.peacebuilding.ma\/ar\/atelier-1-memoire-comment-reinventer-des-rencontres-internationales-en-afrique\/\" title=\"Atelier 1 M\u00e9moire : Comment r\u00e9inventer des Rencontres Internationales en Afrique ?\">Atelier 1 M\u00e9moire : Comment r\u00e9inventer des Rencontres Internationales en Afrique ?<\/a><\/h6>\n<\/p><\/div>\n<div class=\"post_img small static\">\n\t\t    \t    \t<a href=\"https:\/\/webinaire.peacebuilding.ma\/ar\/atelier-1-memoire-comment-reinventer-des-rencontres-internationales-en-afrique\/\"><br \/>\n\t\t    \t    \t\t<img decoding=\"async\" src=\"https:\/\/webinaire.peacebuilding.ma\/ar\/wp-includes\/images\/media\/default.png\" alt=\"Atelier 1 M\u00e9moire : Comment r\u00e9inventer des Rencontres Internationales en Afrique ?\" class=\"\"\/><br \/>\n\t\t                <\/a>\n\t\t    \t    <\/div>\n<div class=\"post_header_wrapper\">\n<div class=\"post_button_wrapper\">\n\t\t\t    \t<a class=\"readmore\" href=\"https:\/\/webinaire.peacebuilding.ma\/ar\/atelier-1-memoire-comment-reinventer-des-rencontres-internationales-en-afrique\/\">Read More<span class=\"ti-angle-right\"><\/span><\/a>\n\t\t\t\t\t<\/div>\n<\/p><\/div>\n<\/p><\/div>\n<\/p><\/div>\n<div id=\"post-2077\" class=\"post type-post hentry status-publish last\">\n<div class=\"post_wrapper grid_layout\">\n<div class=\"post_header grid\">\n<div class=\"post_detail single_post\">\n\t\t\t\t    <span class=\"post_info_date\"><br \/>\n\t\t\t\t    \t<a href=\"https:\/\/webinaire.peacebuilding.ma\/ar\/soiree-de-projection-du-film-projection-du-film-les-cloches-de-toumliline\/\" title=\"Soir\u00e9e de projection du film : Projection du film \u00ab Les cloches de Toumliline \u00bb\">26 June 2021<\/a><br \/>\n\t\t\t\t    <\/span>\n\t\t\t\t<\/div>\n<h6><a href=\"https:\/\/webinaire.peacebuilding.ma\/ar\/soiree-de-projection-du-film-projection-du-film-les-cloches-de-toumliline\/\" title=\"Soir\u00e9e de projection du film : Projection du film \u00ab Les cloches de Toumliline \u00bb\">Soir\u00e9e de projection du film : Projection du film \u00ab Les cloches de Toumliline \u00bb<\/a><\/h6>\n<\/p><\/div>\n<div class=\"post_img small static\">\n\t\t    \t    \t<a href=\"https:\/\/webinaire.peacebuilding.ma\/ar\/soiree-de-projection-du-film-projection-du-film-les-cloches-de-toumliline\/\"><br \/>\n\t\t    \t    \t\t<img decoding=\"async\" src=\"https:\/\/webinaire.peacebuilding.ma\/ar\/wp-includes\/images\/media\/default.png\" alt=\"Soir\u00e9e de projection du film : Projection du film \u00ab Les cloches de Toumliline \u00bb\" class=\"\"\/><br \/>\n\t\t                <\/a>\n\t\t    \t    <\/div>\n<div class=\"post_header_wrapper\">\n<div class=\"post_button_wrapper\">\n\t\t\t    \t<a class=\"readmore\" href=\"https:\/\/webinaire.peacebuilding.ma\/ar\/soiree-de-projection-du-film-projection-du-film-les-cloches-de-toumliline\/\">Read More<span class=\"ti-angle-right\"><\/span><\/a>\n\t\t\t\t\t<\/div>\n<\/p><\/div>\n<\/p><\/div>\n<\/p><\/div>\n<div id=\"post-2076\" class=\"post type-post hentry status-publish \">\n<div class=\"post_wrapper grid_layout\">\n<div class=\"post_header grid\">\n<div class=\"post_detail single_post\">\n\t\t\t\t    <span class=\"post_info_date\"><br \/>\n\t\t\t\t    \t<a href=\"https:\/\/webinaire.peacebuilding.ma\/ar\/introduction-generale-a-la-problematique-de-la-rencontre-non-transmission-de-la-memoire-toumliline-un-cas-decole\/\" title=\"Introduction g\u00e9n\u00e9rale \u00e0 la probl\u00e9matique de la rencontre ( Non-transmission de la m\u00e9moire : Toumliline, un cas d\u2019\u00e9cole )\">26 June 2021<\/a><br \/>\n\t\t\t\t    <\/span>\n\t\t\t\t<\/div>\n<h6><a href=\"https:\/\/webinaire.peacebuilding.ma\/ar\/introduction-generale-a-la-problematique-de-la-rencontre-non-transmission-de-la-memoire-toumliline-un-cas-decole\/\" title=\"Introduction g\u00e9n\u00e9rale \u00e0 la probl\u00e9matique de la rencontre ( Non-transmission de la m\u00e9moire : Toumliline, un cas d\u2019\u00e9cole )\">Introduction g\u00e9n\u00e9rale \u00e0 la probl\u00e9matique de la rencontre ( Non-transmission de la m\u00e9moire : Toumliline, un cas d\u2019\u00e9cole )<\/a><\/h6>\n<\/p><\/div>\n<div class=\"post_img small static\">\n\t\t    \t    \t<a href=\"https:\/\/webinaire.peacebuilding.ma\/ar\/introduction-generale-a-la-problematique-de-la-rencontre-non-transmission-de-la-memoire-toumliline-un-cas-decole\/\"><br \/>\n\t\t    \t    \t\t<img decoding=\"async\" src=\"https:\/\/webinaire.peacebuilding.ma\/ar\/wp-includes\/images\/media\/default.png\" alt=\"Introduction g\u00e9n\u00e9rale \u00e0 la probl\u00e9matique de la rencontre ( Non-transmission de la m\u00e9moire : Toumliline, un cas d\u2019\u00e9cole )\" class=\"\"\/><br \/>\n\t\t                <\/a>\n\t\t    \t    <\/div>\n<div class=\"post_header_wrapper\">\n<div class=\"post_button_wrapper\">\n\t\t\t    \t<a class=\"readmore\" href=\"https:\/\/webinaire.peacebuilding.ma\/ar\/introduction-generale-a-la-problematique-de-la-rencontre-non-transmission-de-la-memoire-toumliline-un-cas-decole\/\">Read More<span class=\"ti-angle-right\"><\/span><\/a>\n\t\t\t\t\t<\/div>\n<\/p><\/div>\n<\/p><\/div>\n<\/p><\/div>\n<div id=\"post-2101\" class=\"post type-post hentry status-publish \">\n<div class=\"post_wrapper grid_layout\">\n<div class=\"post_header grid\">\n<div class=\"post_detail single_post\">\n\t\t\t\t    <span class=\"post_info_date\"><br \/>\n\t\t\t\t    \t<a href=\"https:\/\/webinaire.peacebuilding.ma\/ar\/seance-douverture-prise-de-parole-des-officiels-et-partenaires\/\" title=\"S\u00e9ance d&#8217;ouverture ( Prise de parole des officiels et partenaires )\">25 January 2021<\/a><br \/>\n\t\t\t\t    <\/span>\n\t\t\t\t<\/div>\n<h6><a href=\"https:\/\/webinaire.peacebuilding.ma\/ar\/seance-douverture-prise-de-parole-des-officiels-et-partenaires\/\" title=\"S\u00e9ance d&#8217;ouverture ( Prise de parole des officiels et partenaires )\">S\u00e9ance d&#8217;ouverture ( Prise de parole des officiels et partenaires )<\/a><\/h6>\n<\/p><\/div>\n<div class=\"post_img small static\">\n\t\t    \t    \t<a href=\"https:\/\/webinaire.peacebuilding.ma\/ar\/seance-douverture-prise-de-parole-des-officiels-et-partenaires\/\"><br \/>\n\t\t    \t    \t\t<img decoding=\"async\" src=\"https:\/\/webinaire.peacebuilding.ma\/ar\/wp-includes\/images\/media\/default.png\" alt=\"S\u00e9ance d&#039;ouverture ( Prise de parole des officiels et partenaires )\" class=\"\"\/><br \/>\n\t\t                <\/a>\n\t\t    \t    <\/div>\n<div class=\"post_header_wrapper\">\n<div class=\"post_button_wrapper\">\n\t\t\t    \t<a class=\"readmore\" href=\"https:\/\/webinaire.peacebuilding.ma\/ar\/seance-douverture-prise-de-parole-des-officiels-et-partenaires\/\">Read More<span class=\"ti-angle-right\"><\/span><\/a>\n\t\t\t\t\t<\/div>\n<\/p><\/div>\n<\/p><\/div>\n<\/p><\/div>\n<\/div>\n<\/div>\n<\/div>\n<\/div>\n<\/div>\n<\/div>\n","protected":false},"excerpt":{"rendered":"<p>\u0645\u0643\u062a\u0628\u0629 \u0627\u0644\u0641\u064a\u062f\u064a\u0648 26 June 2021 \u062a\u0631\u0643\u064a\u0628 \u0648 \u062a\u0648\u0635\u064a\u0627\u062a \u0644\u0644\u062a\u0637\u0628\u064a\u0642 Read More 26 June 2021 Atelier Avenir\/Jeunes : Consultation de jeunes leaders sur la transmission de la m\u00e9moire et l\u2019alt\u00e9rit\u00e9 Quels moyens pour la jeunesse de se les approprier ? Read [&hellip;]<\/p>\n","protected":false},"author":1,"featured_media":0,"parent":0,"menu_order":0,"comment_status":"closed","ping_status":"closed","template":"","meta":{"footnotes":""},"class_list":["post-1908","page","type-page","status-publish","hentry"],"_links":{"self":[{"href":"https:\/\/webinaire.peacebuilding.ma\/ar\/wp-json\/wp\/v2\/pages\/1908","targetHints":{"allow":["GET"]}}],"collection":[{"href":"https:\/\/webinaire.peacebuilding.ma\/ar\/wp-json\/wp\/v2\/pages"}],"about":[{"href":"https:\/\/webinaire.peacebuilding.ma\/ar\/wp-json\/wp\/v2\/types\/page"}],"author":[{"embeddable":true,"href":"https:\/\/webinaire.peacebuilding.ma\/ar\/wp-json\/wp\/v2\/users\/1"}],"replies":[{"embeddable":true,"href":"https:\/\/webinaire.peacebuilding.ma\/ar\/wp-json\/wp\/v2\/comments?post=1908"}],"version-history":[{"count":3,"href":"https:\/\/webinaire.peacebuilding.ma\/ar\/wp-json\/wp\/v2\/pages\/1908\/revisions"}],"predecessor-version":[{"id":2106,"href":"https:\/\/webinaire.peacebuilding.ma\/ar\/wp-json\/wp\/v2\/pages\/1908\/revisions\/2106"}],"wp:attachment":[{"href":"https:\/\/webinaire.peacebuilding.ma\/ar\/wp-json\/wp\/v2\/media?parent=1908"}],"curies":[{"name":"wp","href":"https:\/\/api.w.org\/{rel}","templated":true}]}}